{"id":1996,"date":"2017-10-11T10:16:34","date_gmt":"2017-10-11T08:16:34","guid":{"rendered":"http:\/\/www.finiturefirmate.it\/?page_id=1996"},"modified":"2024-05-21T10:13:51","modified_gmt":"2024-05-21T08:13:51","slug":"home","status":"publish","type":"page","link":"https:\/\/finiturefirmate.it\/","title":{"rendered":"Home"},"content":{"rendered":"<p>[vc_row row_style=&#8221;full-width&#8221; padding_size=&#8221;m-padding&#8221; css=&#8221;.vc_custom_1454999252257{padding-top: 0px !important;}&#8221;][vc_column padding_size=&#8221;no-padding&#8221;][rev_slider_vc alias=&#8221;corporate&#8221;][\/vc_column][\/vc_row][vc_row padding_size=&#8221;m-padding&#8221;][vc_column width=&#8221;1\/2&#8243;][vc_single_image alignment=&#8221;center&#8221; image=&#8221;5606&#8243;][\/vc_column][vc_column width=&#8221;1\/2&#8243;][wyde_heading text_align=&#8221;left&#8221; title=&#8221;Paletti Angelo &amp; C.&#8221; subheading=&#8221;Su di noi&#8221;][vc_empty_space][vc_row_inner overlap=&#8221;left&#8221; overlap_distance=&#8221;100px&#8221; overlap_index=&#8221;50&#8243;][vc_column_inner][vc_custom_heading text=&#8221;La ditta Paletti Angelo &amp; C. \u00e8 un\u2019azienda artigiana, a tradizione familiare, con sede a Brescia che sin dal 1958, opera nel campo delle attivit\u00e0 di tinteggiatura di interni ed esterni. Ha coniugato anni di esperienza con affidabilit\u00e0, seriet\u00e0, profonda passione per offrire il meglio in ogni lavoro e si \u00e8 specializzata, col tempo, in stucchi ed intonaci colorati, decorazioni pittoriche, nonch\u00e9 restauro e recupero di intonaci o affreschi&#8221; font_container=&#8221;tag:p|font_size:16px|text_align:left|color:%23000000|line_height:1.7&#8243; google_fonts=&#8221;font_family:Playfair%20Display%3Aregular%2Citalic%2C700%2C700italic%2C900%2C900italic|font_style:400%20italic%3A400%3Aitalic&#8221;][\/vc_column_inner][\/vc_row_inner][vc_empty_space height=&#8221;20px&#8221;][vc_row_inner][vc_column_inner overlap=&#8221;right&#8221; overlap_distance=&#8221;0&#8243; overlap_index=&#8221;50&#8243; width=&#8221;2\/3&#8243;][wyde_heading style=&#8221;6&#8243; text_align=&#8221;right&#8221; title=&#8221;Ivan Paletti&#8221; subheading=&#8221;AD dell&#8217;azienda&#8221;][vc_column_text]Intervista a Ivan Paletti amministratore della Paletti Angelo &amp; C. Snc[\/vc_column_text][wyde_button title=&#8221;Continua a leggere&#8221; link=&#8221;url:http%3A%2F%2Fwww.finiturefirmate.it%2F%3Fpage_id%3D2029|title:Intervista%20a%20Ivan%20Paletti||&#8221;][\/vc_column_inner][vc_column_inner width=&#8221;1\/3&#8243;][vc_single_image image=&#8221;2046&#8243;][\/vc_column_inner][\/vc_row_inner][\/vc_column][\/vc_row][vc_row padding_size=&#8221;m-padding&#8221; css=&#8221;.vc_custom_1454666803583{padding-bottom: 0px !important;}&#8221;][vc_column width=&#8221;1\/4&#8243;][wyde_heading style=&#8221;4&#8243; title=&#8221;Cosa Facciamo&#8221; subheading=&#8221;Servizi&#8221;][vc_empty_space height=&#8221;25px&#8221;][\/vc_column][vc_column width=&#8221;3\/4&#8243;][vc_single_image image=&#8221;4075&#8243;][vc_empty_space][vc_custom_heading text=&#8221;Trattiamo pareti e soffitti per raggiungere il miglior risultato estetico, ma anche qualitativo all\u2019interno del progetto abitativo, sia in contesti privati che commerciali. Ogni superficie pu\u00f2 essere trattata, valutando attentamente condizioni climatiche e di conservazione dei materiali, per ottenere l\u2019effetto cromatico prescelto dal committente o progettista&#8221; font_container=&#8221;tag:p|font_size:16px|text_align:left|color:%23666666|line_height:1.7&#8243; google_fonts=&#8221;font_family:Playfair%20Display%3Aregular%2Citalic%2C700%2C700italic%2C900%2C900italic|font_style:400%20italic%3A400%3Aitalic&#8221;][\/vc_column][\/vc_row][vc_row padding_size=&#8221;m-padding&#8221; css=&#8221;.vc_custom_1454666885308{padding-bottom: 0px !important;}&#8221;][vc_column width=&#8221;1\/4&#8243; offset=&#8221;vc_hidden-sm vc_hidden-xs&#8221;][\/vc_column][vc_column width=&#8221;3\/4&#8243;][vc_row_inner][vc_column_inner offset=&#8221;vc_hidden-sm vc_hidden-xs&#8221;][vc_empty_space height=&#8221;40px&#8221;][\/vc_column_inner][\/vc_row_inner][vc_row_inner][vc_column_inner text_align=&#8221;center&#8221; width=&#8221;1\/3&#8243;][wyde_info_box icon_set=&#8221;bigmug_line&#8221; icon_size=&#8221;medium&#8221; icon_bigmug_line=&#8221;bigmug-line-gear&#8221; title=&#8221;Tinteggiatura interni&#8221; el_class=&#8221;tint&#8221;]Siamo specialisti nella realizzazione di tinteggiature d\u2019interni. Utilizziamo prodotti certificati che soddisfano elevati criteri ambientali per garantire ambienti salubri oltre che belli. Ad ogni nostro cliente \u00e8 garantita la massima personalizzazione e consulenza.[\/wyde_info_box][vc_empty_space][\/vc_column_inner][vc_column_inner text_align=&#8221;center&#8221; width=&#8221;1\/3&#8243;][wyde_info_box icon_set=&#8221;bigmug_line&#8221; icon_size=&#8221;medium&#8221; icon_bigmug_line=&#8221;bigmug-line-winds&#8221; title=&#8221;Tinteggiatura d&#8217;esterni&#8221; el_class=&#8221;test&#8221;]Eseguiamo tinteggiature esterne di facciate sia civili che industriali. Utilizziamo materiali di alta qualit\u00e0 per offrirvi un\u2019elevata durata nel tempo, le massime prestazioni ed un indiscusso valore estetico. Ci occupiamo di facciate ex novo, ma anche di restauro e manutenzione.[\/wyde_info_box][vc_empty_space][\/vc_column_inner][vc_column_inner text_align=&#8221;center&#8221; width=&#8221;1\/3&#8243;][wyde_info_box icon_set=&#8221;bigmug_line&#8221; icon_size=&#8221;medium&#8221; icon_bigmug_line=&#8221;bigmug-line-brush&#8221; title=&#8221;Decorazioni&#8221; el_class=&#8221;deco&#8221;]Realizzazione di decorazioni di interni ed esterni su supporti di ogni genere e con motivi e stili di varia ispirazione, che spaziano dal classico al contemporaneo. Vasta scelta di materiali, tecniche e cromie, che vengono selezionati in base alle necessit\u00e0 specifiche.[\/wyde_info_box][vc_empty_space][\/vc_column_inner][\/vc_row_inner][vc_row_inner][vc_column_inner text_align=&#8221;center&#8221; width=&#8221;1\/3&#8243;][wyde_info_box icon_set=&#8221;bigmug_line&#8221; icon_size=&#8221;medium&#8221; icon_bigmug_line=&#8221;bigmug-line-gear&#8221; title=&#8221;Resine&#8221; el_class=&#8221;resine&#8221;]Paletti Angelo &amp; C. realizza rivestimenti a spatola anche su superfici verticali con effetti di spatolatura pi\u00f9 o meno evidenti in base alle richieste e ai risultati desiderati: superfici monolitiche con finiture lucide, opache o satinate, essenziali o personalizzate.[\/wyde_info_box][vc_empty_space][\/vc_column_inner][vc_column_inner text_align=&#8221;center&#8221; width=&#8221;1\/3&#8243;][wyde_info_box icon_set=&#8221;bigmug_line&#8221; icon_size=&#8221;medium&#8221; icon_bigmug_line=&#8221;bigmug-line-winds&#8221; title=&#8221;Legni&#8221; el_class=&#8221;legni&#8221;]Ridare all\u2019antiquariato il suo aspetto originario senza stravolgere il gusto e lo stile originario del pezzo, grazie alla conoscenza delle caratteristiche specifiche delle diverse epoche. La ditta non si occupa soltanto di mobili ma anche di boiserie, cornici e pavimenti.[\/wyde_info_box][vc_empty_space][\/vc_column_inner][vc_column_inner text_align=&#8221;center&#8221; width=&#8221;1\/3&#8243;][wyde_info_box icon_set=&#8221;bigmug_line&#8221; icon_size=&#8221;medium&#8221; icon_bigmug_line=&#8221;bigmug-line-brush&#8221; title=&#8221;Carta da parati&#8221; el_class=&#8221;carta&#8221;]Appoggiandosi a brand conosciuti di livello internazionale nel settore della carta che offrono infinite combinazioni di texture, materiali, soggetti e colori, Paletti Angelo &amp; C. pu\u00f2 soddisfare le richieste di qualsiasi cliente, indipendentemente da gusto e stile.[\/wyde_info_box][vc_empty_space][\/vc_column_inner][\/vc_row_inner][\/vc_column][\/vc_row][vc_row equal_height=&#8221;true&#8221; vertical_align=&#8221;middle&#8221; padding_size=&#8221;m-padding&#8221;][vc_column padding_size=&#8221;no-padding&#8221; width=&#8221;1\/2&#8243;][vc_single_image alignment=&#8221;center&#8221; image=&#8221;5481&#8243;][\/vc_column][vc_column overlap=&#8221;left&#8221; overlap_distance=&#8221;0&#8243; overlap_index=&#8221;150&#8243; width=&#8221;1\/2&#8243;][wyde_heading text_align=&#8221;left&#8221; title=&#8221;Mission&#8221; subheading=&#8221;Conosciamoci meglio&#8221;][vc_empty_space][vc_row_inner overlap=&#8221;left&#8221; overlap_distance=&#8221;100px&#8221; overlap_index=&#8221;50&#8243;][vc_column_inner text_align=&#8221;right&#8221;][vc_custom_heading text=&#8221;Utilizziamo tecniche e materiali per personalizzare e rendere unici i lavori che proponiamo con passione e impegno. Ad ogni intervento viene prestata la massima cura, vogliamo cogliere la migliore risoluzione estetica-decorativa in ogni ambiente.<br \/>\nCerchiamo di portare la massima umanit\u00e0 nell\u2019incontro dell\u2019altrui sensibilit\u00e0 esprimendola mediante la creazione attenta dei colori che andranno a far parte della vita quotidiana di ogni nostro cliente.<br \/>\n&#8221; font_container=&#8221;tag:p|font_size:16px|text_align:left|color:%23000000|line_height:1.7&#8243; google_fonts=&#8221;font_family:Playfair%20Display%3Aregular%2Citalic%2C700%2C700italic%2C900%2C900italic|font_style:400%20italic%3A400%3Aitalic&#8221;][\/vc_column_inner][\/vc_row_inner][vc_empty_space height=&#8221;20px&#8221;][\/vc_column][\/vc_row][vc_row row_style=&#8221;full-width&#8221; padding_size=&#8221;m-padding&#8221;][vc_column padding_size=&#8221;no-padding&#8221;][vc_row_inner padding_size=&#8221;no-padding&#8221;][vc_column_inner padding_size=&#8221;no-padding&#8221; offset=&#8221;vc_hidden-sm vc_hidden-xs&#8221;][vc_empty_space height=&#8221;40px&#8221;][\/vc_column_inner][\/vc_row_inner]<\/p>\n<p>[wyde_slider show_pagination=&#8221;true&#8221;][wyde_slide image=&#8221;5848&#8243; title=&#8221;Prima e Dopo&#8221; slide_id=&#8221;1684249337634-6-3&#8243; subtitle=&#8221;Decorazione&#8221;]<\/p>\n<div data-pm-slice=\"1 1 []\" data-en-clipboard=\"true\">\n<p>La passione per l&#8217;arte e la decorazione da sempre contraddistingue ogni progetto di Finiture Firmate, mantenendo un&#8217;armonia impeccabile tra estetica, innovazione e competenza. Tra le numerose tecniche preferite dai nostri clienti, la decorazione floreale, ispirata alla botanica \u00e8 particolarmente apprezzata: questa forma di decorazione ha il potere di rendere ogni ambiente uno spazio incantato e affascinante.<\/p>\n<\/div>\n<p>[\/wyde_slide]<\/p>\n<p>[wyde_slider show_pagination=&#8221;true&#8221;][wyde_slide image=&#8221;5460&#8243; title=&#8221;Prima e Dopo&#8221; slide_id=&#8221;1684249337634-6-3&#8243; subtitle=&#8221;Restauro&#8221;]<\/p>\n<div data-pm-slice=\"1 1 []\" data-en-clipboard=\"true\">Immergersi nel restauro di un edificio storico, \u00e8 sempre molto stimolante per ogni professionista. Partendo da una foto d&#8217;epoca, abbiamo riportato il bancone del Fonda Plat\u00e8 di Formentera alla sua versione originale. Il decoro riprende le forme della natura tipica dell&#8217;<i>art nouveau <\/i>degli anni &#8217;20; l&#8217;obbiettivo era quello di mantenere l&#8217;autenticit\u00e0 del locale storico isolano, ricreando l&#8217;atmosfera che regna nel locale fatta di attualit\u00e0 e nostalgia.<\/div>\n<p>[\/wyde_slide][wyde_slide image=&#8221;4094&#8243; title=&#8221;Prima e Dopo&#8221; slide_id=&#8221;1449380362016-2-3&#8243; subtitle=&#8221;Decorazione a foglia oro&#8221;]Motivo decorativo ispirato alla \u201cgolden phase\u201d di Gustav Klimt. La tecnica utilizzata \u00e8 quella della doratura a missione, si tratta di una decorazione ornamentale che permette di rivestire, con un sottilissimo strato d\u2019oro detto foglia oro, diversi materiali. Un living invaso di luce, una decorazione preziosa per un ambiente dallo stile unico.[\/wyde_slide][wyde_slide image=&#8221;4098&#8243; title=&#8221;Prima e Dopo&#8221; slide_id=&#8221;1455444677110-3-8&#8243; subtitle=&#8221;Decorazione pittorica&#8221;]Decorazione con tecnica dello spolvero e disegno con colori ad acquerello. Il tema scelto \u00e8 quello del girale un motivo decorativo di origine romana costituito da uno stelo o tralcio con foglie arrotolatate a spirale, un motivo molto usato in tutti i periodi artistici. Lo spazio diventa mosso il colore scelto per la decorazione \u00e8 delicato ma offre carattere all\u2019ambiente.[\/wyde_slide][wyde_slide title=&#8221;Prima e Dopo&#8221; slide_id=&#8221;def1449378199-1-19&#8243; subtitle=&#8221;Decorazione murale su grandi dimensioni&#8221; image=&#8221;4101&#8243;]Lavoro eseguito presso il CC \u201cFreccia Rossa\u201d di Brescia, partendo da un bozzetto di una scenografia originale a pastelli, abbiamo realizzato grazie a una tecnica mista quest\u2019opera su muro di grandi dimensioni. Nell\u2019immagine potete vedere i disegni preparatori prima della decorazione. La tecnica impiegata per questo tipo di lavori viene scelta in base all\u2019effetto che si desidera ottenere.[\/wyde_slide][wyde_slide image=&#8221;4103&#8243; title=&#8221;Prima e Dopo&#8221; slide_id=&#8221;1455444630751-2-10&#8243; subtitle=&#8221;Decorazione esterna&#8221;]Fregio realizzato con tecnica dello spolvero. Abbiamo riprodotto queste ghirlande con foglie, fiori e frutta intrecciate, tenendo conto del concetto di stilizzazione che di norma viene usato per rappresentare il mondo naturale, accentuando la simmetria, semplificando le forme e sfruttando l\u2019appiattimento bidimensionale. Il riempimento \u00e8 stato eseguito con sfumature a varie tonalit\u00e0 in colori acrilici.[\/wyde_slide][wyde_slide image=&#8221;4107&#8243; title=&#8221;Prima e Dopo&#8221; slide_id=&#8221;1455445188915-4-8&#8243; subtitle=&#8221;Decorazione soffitto a spolvero&#8221;]Soffitto a spolvero con decorazione floreale. Questa tecnica molto usata nel rinascimento, risulta ideale per decorare grandi superfici in cui la precisione \u00e8 fondamentale. La realizzazione avviene dapprima con la preparazione del disegno sopra ad un foglio di cartone, che viene poi meticolosamente traforato lungo tutto il contorno per permettere al carboncino, di riportare il disegno sulla superficie sottostante. Tolto il cartone il risultato \u00e8 una sequenza di puntini che, uniti fra loro, realizzano il disegno[\/wyde_slide][\/wyde_slider][vc_empty_space height=&#8221;50px&#8221;][\/vc_column][\/vc_row][vc_row padding_size=&#8221;m-padding&#8221;][vc_column padding_size=&#8221;no-padding&#8221;][wyde_portfolio_grid view=&#8221;masonry&#8221; count=&#8221;4&#8243; pagination=&#8221;hide&#8221; hide_filter=&#8221;true&#8221; title=&#8221;Ultimi lavori&#8221; subtitle=&#8221;Portfolio&#8221; posts_query=&#8221;order_by:date|order:DESC&#8221;][\/vc_column][\/vc_row][vc_row padding_size=&#8221;xl-padding&#8221;][vc_column][wyde_blog_posts view=&#8221;masonry&#8221; count=&#8221;4&#8243; pagination=&#8221;hide&#8221; columns=&#8221;4&#8243; posts_query=&#8221;order_by:date|order:DESC&#8221;][wyde_link_button style=&#8221;none&#8221; size=&#8221;large&#8221; icon=&#8221;fa fa-arrow-circle-o-right&#8221; title=&#8221;MORE&#8221; link=&#8221;url:http%3A%2F%2Fwww.finiturefirmate.it%2F%3Fpage_id%3D2070||&#8221;][\/vc_column][\/vc_row]<\/p>\n","protected":false},"excerpt":{"rendered":"<p>[vc_row row_style=&#8221;full-width&#8221; padding_size=&#8221;m-padding&#8221; css=&#8221;.vc_custom_1454999252257{padding-top: 0px !important;}&#8221;][vc_column padding_size=&#8221;no-padding&#8221;][rev_slider_vc alias=&#8221;corporate&#8221;][\/vc_column][\/vc_row][vc_row padding_size=&#8221;m-padding&#8221;][vc_column width=&#8221;1\/2&#8243;][vc_single_image alignment=&#8221;center&#8221; image=&#8221;5606&#8243;][\/vc_column][vc_column width=&#8221;1\/2&#8243;][wyde_heading text_align=&#8221;left&#8221; title=&#8221;Paletti Angelo &amp; C.&#8221; subheading=&#8221;Su di noi&#8221;][vc_empty_space][vc_row_inner overlap=&#8221;left&#8221; overlap_distance=&#8221;100px&#8221; overlap_index=&#8221;50&#8243;][vc_column_inner][vc_custom_heading text=&#8221;La ditta Paletti Angelo &amp; C. \u00e8 un\u2019azienda artigiana, a tradizione familiare, con sede a Brescia che sin dal 1958, opera nel campo delle attivit\u00e0 di tinteggiatura di interni ed esterni. [&hellip;]<\/p>\n","protected":false},"author":1,"featured_media":0,"parent":0,"menu_order":0,"comment_status":"closed","ping_status":"closed","template":"","meta":{"footnotes":""},"_links":{"self":[{"href":"https:\/\/finiturefirmate.it\/index.php?rest_route=\/wp\/v2\/pages\/1996"}],"collection":[{"href":"https:\/\/finiturefirmate.it\/index.php?rest_route=\/wp\/v2\/pages"}],"about":[{"href":"https:\/\/finiturefirmate.it\/index.php?rest_route=\/wp\/v2\/types\/page"}],"author":[{"embeddable":true,"href":"https:\/\/finiturefirmate.it\/index.php?rest_route=\/wp\/v2\/users\/1"}],"replies":[{"embeddable":true,"href":"https:\/\/finiturefirmate.it\/index.php?rest_route=%2Fwp%2Fv2%2Fcomments&post=1996"}],"version-history":[{"count":43,"href":"https:\/\/finiturefirmate.it\/index.php?rest_route=\/wp\/v2\/pages\/1996\/revisions"}],"predecessor-version":[{"id":5864,"href":"https:\/\/finiturefirmate.it\/index.php?rest_route=\/wp\/v2\/pages\/1996\/revisions\/5864"}],"wp:attachment":[{"href":"https:\/\/finiturefirmate.it\/index.php?rest_route=%2Fwp%2Fv2%2Fmedia&parent=1996"}],"curies":[{"name":"wp","href":"https:\/\/api.w.org\/{rel}","templated":true}]}}